{"id":541,"date":"2018-05-24T15:47:40","date_gmt":"2018-05-24T15:47:40","guid":{"rendered":"https:\/\/lavanderianuevociclo.com\/?page_id=541"},"modified":"2019-01-17T11:29:53","modified_gmt":"2019-01-17T11:29:53","slug":"politica-de-privacidad","status":"publish","type":"page","link":"https:\/\/lavanderianuevociclo.com\/eu\/politica-de-privacidad\/","title":{"rendered":"Pribatutasun-politika"},"content":{"rendered":"<p><\/p>\n<h3><strong>Nortzuk diren<\/strong><\/h3>\n<p>Gure webaren helbidea: https:\/\/lavanderianuevociclo.com\u00a0 da<\/p>\n<h3>Zer datu pertsonal jasotzen ditugun eta zergatik jasotzen ditugu<\/h3>\n<h3>Iruzkinak<\/h3>\n<p>Bisitariek webeko iruzkinak uzten dituztenean, biltzen ditugu iruzkin-formularioan, baita ere bisitariaren IP helbidean erakusten diren datuak eta nabigatzailearen erabiltzaile agente katea spam-detekzioari laguntzeko.\u00a0 Zure helbide elektronikotik (ere hash-a deituta) aurrera sortutako kate anonimoa Gravatar-en zerbitzura eman daiteke erabiltzen ari duzun ikusteko.\u00a0 Gravatar\u00a0zerbitzuaren pribatutasun-politika libre hemen dago: https:\/\/automattic.com\/privacy\/.\u00a0 Zure iruzkinaren onespenaren ondoren, zure profileko irudia ikusgaia da bere iruzkinaren testuinguruko publikoarentzat.<\/p>\n<h3>baliabideak<\/h3>\n<p>Irudiak igotzen badituzu webera irudiak sartutako kokapen datuekin (EXIF-a GPS-arekin) igotzea saihestu behar izango zenuke. Webeko bisitariek deskarga dezakete eta webaren irudien edozein lokalizazio datu atera dezakete.<\/p>\n<h3>KONTAKTU-FORMULARIOAK<\/h3>\n<h3>Cookieak<\/h3>\n<p>Iruzkina uzten baduzu gure lekuan zure izena, helbide elektronikoa eta cookieetako weba gordetzea aukera dezakezu.\u00a0Hau zure erosotasunerako da, zure datuak berriro ere beste iruzkin bat uzten duzunean ez ditzazula bete behar. Cookie hauek urte bateko iraupena izango dute. Kontua baduzu eta leku honetara konektatzen baduzu,\u00a0aldi baterako|denborazko\u00a0cookiea jarriko dugu zure nabigatzaileak cookierik onartzen duen zehazteko.\u00a0 Cookie honek ez dauka datu pertsonalik eta nabigatzailea ixterakoan ezabatzen da. Saioa hasten duzunean, jarriko ditugu ere zure saio-hasiera-informazioa gordetzeko hainbat cookie eta zure pantaila-bistaratze aukerak. Saio-hasiera-cookieek bi egun diraute, eta pantaila-aukera cookieek urte bat diraute. Ni Gogoratzea&#8221; aukeratzen baduzu, zure saio-hasierak\u00a0bi astetan zehar luze iraungo du. Zure kontutik irteten bazara,\u00a0saioa hasi|saio-hasiera-cookieak ezabatuko dira. Editatzen baduzu edo artikulu bat argitaratzen baduzu cookie gehigarria zure nabigatzailearengan gordeko da. Cookie honek ez du datu pertsonalik sartzen eta\u00a0bakarrik ID-a dio editatu berria duzun artikuluko. Egun 1aren ondoren iraungitzen da.<\/p>\n<h3>BESTE WEBGUNE BATZUETAKO TXERTATUTAKO EDUKIA<\/h3>\n<p>Leku honetako artikuluek txertatutako edukia sar dezakete (adibidez, bideoak, irudiak, artikuluak, etab.). Weba beste batzuetako txertatuta edukiak zehazki jokatzen du era berean bisitariak beste weba bisitatu balu baino.<\/p>\n<p>Hauek weba bil daitezke zure gaineko datuak, cookieak erabiltzea,\u00a0segimendu gehigarria txertatzea hirugarren, eta txertatutako eduki horrekiko zure interakzioa, kontua baduzu eta konektatuta zaude web horretara txertatutako edukiarekiko bere interakzioaren\u00a0segimendua sartuta, ikuskatzea.<\/p>\n<h3>Anal\u00edtika<\/h3>\n<h3>ZURE DATUAK NOREKIN PARTEKATZEN DITUGUN<br \/>\nZENBAT DENBORA MANTENTZEN DITUGU ZURE DATUAK<\/h3>\n<p>Iruzkina, iruzkina eta bere metadatuak uzten badituzu mugarik gabe mantentzen dira. Hau da aitortu ahal ditzagula eta hurrengo iruzkinak onartu automatikoki haiek neurritasun-ilarabatean mantendu ordez.<\/p>\n<p>De los usuarios que se registran en nuestra web (si los hay), tambi\u00e9n almacenamos la informaci\u00f3n personal que proporcionan en su perfil de usuario. Todos los usuarios pueden ver, editar o eliminar su informaci\u00f3n personal en cualquier momento (excepto que no pueden cambiar su nombre de usuario). Los administradores de la web tambi\u00e9n pueden ver y editar esa informaci\u00f3n.<\/p>\n<h3>Qu\u00e9 derechos tienes sobre tus datos<\/h3>\n<p>Si tienes una cuenta o has dejado comentarios en esta web, puedes solicitar recibir un archivo de exportaci\u00f3n de los datos personales que tenemos sobre ti, incluyendo cualquier dato que nos hayas proporcionado. Tambi\u00e9n puedes solicitar que eliminemos cualquier dato personal que tengamos sobre ti. Esto no incluye ning\u00fan dato que estemos obligados a conservar con fines administrativos, legales o de seguridad.<\/p>\n<h3>D\u00f3nde enviamos tus datos<\/h3>\n<p>Los comentarios de los visitantes puede que los revise un servicio de detecci\u00f3n autom\u00e1tica de spam.<\/p>\n<h3>Tu informaci\u00f3n de contacto<\/h3>\n<h3>Informaci\u00f3n adicional<\/h3>\n<h3>C\u00f3mo protegemos tus datos<\/h3>\n<h3>Qu\u00e9 procedimientos utilizamos contra las brechas de datos<\/h3>\n<h3>De qu\u00e9 terceros recibimos datos<\/h3>\n<h3>Qu\u00e9 tipo de toma de decisiones automatizada y\/o perfilado hacemos con los datos del usuario<\/h3>\n<h3>Requerimientos regulatorios de revelaci\u00f3n de informaci\u00f3n del sector<\/h3>\n<p><\/p>","protected":false},"excerpt":{"rendered":"<p>Nortzuk diren Gure webaren helbidea: https:\/\/lavanderianuevociclo.com\u00a0 da Zer datu pertsonal jasotzen ditugun eta zergatik jasotzen ditugu Iruzkinak Bisitariek webeko iruzkinak uzten dituztenean, biltzen ditugu iruzkin-formularioan, baita ere bisitariaren IP helbidean &#8230;<\/p>\n","protected":false},"author":1,"featured_media":0,"parent":0,"menu_order":0,"comment_status":"closed","ping_status":"closed","template":"","meta":{"ngg_post_thumbnail":0},"_links":{"self":[{"href":"https:\/\/lavanderianuevociclo.com\/eu\/wp-json\/wp\/v2\/pages\/541"}],"collection":[{"href":"https:\/\/lavanderianuevociclo.com\/eu\/wp-json\/wp\/v2\/pages"}],"about":[{"href":"https:\/\/lavanderianuevociclo.com\/eu\/wp-json\/wp\/v2\/types\/page"}],"author":[{"embeddable":true,"href":"https:\/\/lavanderianuevociclo.com\/eu\/wp-json\/wp\/v2\/users\/1"}],"replies":[{"embeddable":true,"href":"https:\/\/lavanderianuevociclo.com\/eu\/wp-json\/wp\/v2\/comments?post=541"}],"version-history":[{"count":9,"href":"https:\/\/lavanderianuevociclo.com\/eu\/wp-json\/wp\/v2\/pages\/541\/revisions"}],"predecessor-version":[{"id":754,"href":"https:\/\/lavanderianuevociclo.com\/eu\/wp-json\/wp\/v2\/pages\/541\/revisions\/754"}],"wp:attachment":[{"href":"https:\/\/lavanderianuevociclo.com\/eu\/wp-json\/wp\/v2\/media?parent=541"}],"curies":[{"name":"wp","href":"https:\/\/api.w.org\/{rel}","templated":true}]}}